{"id":434,"date":"2024-01-29T19:22:36","date_gmt":"2024-01-29T19:22:36","guid":{"rendered":"https:\/\/cortesrd.wpenginepowered.com\/?post_type=product&#038;p=434"},"modified":"2024-07-08T21:41:36","modified_gmt":"2024-07-08T21:41:36","slug":"museum-tour-factory-tour-chocolate-bar","status":"publish","type":"product","link":"https:\/\/rd.chocolatecortes.com\/es\/product\/museum-tour-factory-tour-chocolate-bar\/","title":{"rendered":"Recorrido del Museo con la F\u00e1brica y Experiencia de Crear tu Barra de Chocolate"},"content":{"rendered":"<p>El Centro de Visitantes Cort\u00e9s es un espacio para resaltar los valores de la tradici\u00f3n y el conocimiento sobre el cacao y el chocolate, es por ello que en su esfuerzo por fortalecer la experiencia da acceso a su planta industrial, siendo esta la m\u00e1s grande y moderna de toda el \u00e1rea del Caribe. Dirigido a ni\u00f1os y adultos, tambi\u00e9n podr\u00e1s crear tu propia barra de chocolate, adentr\u00e1ndote a\u00fan m\u00e1s en el mundo del cacao y el chocolate con todos los sentidos.<\/p>\n<p>Este Recorrido Incluye:<br \/>\n\u2022 Recorrido Guiado del Museo de Chocolate<br \/>\n\u2022 Recorrido Guiado de la F\u00e1brica de Chocolate<br \/>\n\u2022 Guided Chocolate Bar Creation Experience<\/p>\n<p>&nbsp;<\/p>\n<p>*Para el Recorrido de la F\u00e1brica de Chocolate solo se permiten ni\u00f1os de 8 a\u00f1os en adelante. Para la Experiencia de Crear tu Barra de Chocolate se permiten ni\u00f1os de 2 a\u00f1os en adelante.<\/p>","protected":false},"excerpt":{"rendered":"<p>El Centro de Visitantes Cort\u00e9s es un espacio para resaltar los valores de la tradici\u00f3n y el conocimiento sobre el cacao y el chocolate, es por ello que en su esfuerzo por fortalecer la experiencia da acceso a su planta industrial, siendo esta la m\u00e1s grande y moderna de toda el \u00e1rea del Caribe. Dirigido a ni\u00f1os y adultos, tambi\u00e9n podr\u00e1s crear tu propia barra de chocolate, adentr\u00e1ndote a\u00fan m\u00e1s en el mundo del cacao y el chocolate con todos los sentidos.<\/p>\n<p>Este Recorrido Incluye:<br \/>\n\u2022 Recorrido Guiado del Museo de Chocolate<br \/>\n\u2022 Recorrido Guiado de la F\u00e1brica de Chocolate<br \/>\n\u2022 Guided Chocolate Bar Creation Experience<\/p>\n<p>&nbsp;<\/p>\n<p>*Para el Recorrido de la F\u00e1brica de Chocolate solo se permiten ni\u00f1os de 8 a\u00f1os en adelante. Para la Experiencia de Crear tu Barra de Chocolate se permiten ni\u00f1os de 2 a\u00f1os en adelante.<\/p>","protected":false},"featured_media":211,"template":"","meta":[],"product_brand":[],"product_cat":[38],"product_tag":[39],"class_list":{"0":"post-434","1":"product","2":"type-product","3":"status-publish","4":"has-post-thumbnail","6":"product_cat-guided-tour","7":"product_tag-guided-tour","9":"first","10":"instock","11":"virtual","12":"sold-individually","13":"purchasable","14":"product-type-booking"},"exclude_global_add_ons":[],"addons":[],"yoast_head":"<!-- This site is optimized with the Yoast SEO plugin v24.7 - https:\/\/yoast.com\/wordpress\/plugins\/seo\/ -->\n<title>Chocolate Museum Tour, Factory Tour &amp; Create Your Chocolate Bar<\/title>\n<meta name=\"description\" content=\"The Cort\u00e9s Visitor Center highlights the values of tradition and knowledge about cocoa and chocolate, visit us for a multi-sensory chocolate experience.\" \/>\n<meta name=\"robots\" content=\"index, follow, max-snippet:-1, max-image-preview:large, max-video-preview:-1\" \/>\n<link rel=\"canonical\" href=\"https:\/\/rd.chocolatecortes.com\/es\/product\/museum-tour-factory-tour-chocolate-bar\/\" \/>\n<meta property=\"og:locale\" content=\"es_ES\" \/>\n<meta property=\"og:type\" content=\"article\" \/>\n<meta property=\"og:title\" content=\"Chocolate Museum Tour, Factory Tour &amp; Create Your Chocolate Bar\" \/>\n<meta property=\"og:description\" content=\"The Cort\u00e9s Visitor Center highlights the values of tradition and knowledge about cocoa and chocolate, visit us for a multi-sensory chocolate experience.\" \/>\n<meta property=\"og:url\" content=\"https:\/\/rd.chocolatecortes.com\/es\/product\/museum-tour-factory-tour-chocolate-bar\/\" \/>\n<meta property=\"og:site_name\" content=\"Cort\u00e9s RD\" \/>\n<meta property=\"article:publisher\" content=\"https:\/\/www.facebook.com\/CortesHnosRD\/\" \/>\n<meta property=\"article:modified_time\" content=\"2024-07-08T21:41:36+00:00\" \/>\n<meta name=\"twitter:card\" content=\"summary_large_image\" \/>\n<meta name=\"twitter:label1\" content=\"Est. reading time\" \/>\n\t<meta name=\"twitter:data1\" content=\"1 minuto\" \/>\n<script type=\"application\/ld+json\" class=\"yoast-schema-graph\">{\"@context\":\"https:\/\/schema.org\",\"@graph\":[{\"@type\":\"WebPage\",\"@id\":\"https:\/\/rd.chocolatecortes.com\/product\/museum-tour-factory-tour-chocolate-bar\/\",\"url\":\"https:\/\/rd.chocolatecortes.com\/product\/museum-tour-factory-tour-chocolate-bar\/\",\"name\":\"Chocolate Museum Tour, Factory Tour & Create Your Chocolate Bar\",\"isPartOf\":{\"@id\":\"https:\/\/rd.chocolatecortes.com\/#website\"},\"primaryImageOfPage\":{\"@id\":\"https:\/\/rd.chocolatecortes.com\/product\/museum-tour-factory-tour-chocolate-bar\/#primaryimage\"},\"image\":{\"@id\":\"https:\/\/rd.chocolatecortes.com\/product\/museum-tour-factory-tour-chocolate-bar\/#primaryimage\"},\"thumbnailUrl\":\"https:\/\/rd.chocolatecortes.com\/wp-content\/uploads\/2023\/11\/recorido-centro-visitantes.svg\",\"datePublished\":\"2024-01-29T19:22:36+00:00\",\"dateModified\":\"2024-07-08T21:41:36+00:00\",\"description\":\"The Cort\u00e9s Visitor Center highlights the values of tradition and knowledge about cocoa and chocolate, visit us for a multi-sensory chocolate experience.\",\"breadcrumb\":{\"@id\":\"https:\/\/rd.chocolatecortes.com\/product\/museum-tour-factory-tour-chocolate-bar\/#breadcrumb\"},\"inLanguage\":\"es-DO\",\"potentialAction\":[{\"@type\":\"ReadAction\",\"target\":[\"https:\/\/rd.chocolatecortes.com\/product\/museum-tour-factory-tour-chocolate-bar\/\"]}]},{\"@type\":\"ImageObject\",\"inLanguage\":\"es-DO\",\"@id\":\"https:\/\/rd.chocolatecortes.com\/product\/museum-tour-factory-tour-chocolate-bar\/#primaryimage\",\"url\":\"https:\/\/rd.chocolatecortes.com\/wp-content\/uploads\/2023\/11\/recorido-centro-visitantes.svg\",\"contentUrl\":\"https:\/\/rd.chocolatecortes.com\/wp-content\/uploads\/2023\/11\/recorido-centro-visitantes.svg\"},{\"@type\":\"BreadcrumbList\",\"@id\":\"https:\/\/rd.chocolatecortes.com\/product\/museum-tour-factory-tour-chocolate-bar\/#breadcrumb\",\"itemListElement\":[{\"@type\":\"ListItem\",\"position\":1,\"name\":\"Home\",\"item\":\"https:\/\/rd.chocolatecortes.com\/\"},{\"@type\":\"ListItem\",\"position\":2,\"name\":\"Shop\",\"item\":\"https:\/\/rd.chocolatecortes.com\/shop\/\"},{\"@type\":\"ListItem\",\"position\":3,\"name\":\"Museum Tour, Factory Tour &#038; Create Your Chocolate Bar Experience\"}]},{\"@type\":\"WebSite\",\"@id\":\"https:\/\/rd.chocolatecortes.com\/#website\",\"url\":\"https:\/\/rd.chocolatecortes.com\/\",\"name\":\"Cort\u00e9s RD\",\"description\":\"A multi-sensory experience you can&#039;t miss!\",\"publisher\":{\"@id\":\"https:\/\/rd.chocolatecortes.com\/#organization\"},\"potentialAction\":[{\"@type\":\"SearchAction\",\"target\":{\"@type\":\"EntryPoint\",\"urlTemplate\":\"https:\/\/rd.chocolatecortes.com\/?s={search_term_string}\"},\"query-input\":{\"@type\":\"PropertyValueSpecification\",\"valueRequired\":true,\"valueName\":\"search_term_string\"}}],\"inLanguage\":\"es-DO\"},{\"@type\":\"Organization\",\"@id\":\"https:\/\/rd.chocolatecortes.com\/#organization\",\"name\":\"Cort\u00e9s Hermanos RD\",\"url\":\"https:\/\/rd.chocolatecortes.com\/\",\"logo\":{\"@type\":\"ImageObject\",\"inLanguage\":\"es-DO\",\"@id\":\"https:\/\/rd.chocolatecortes.com\/#\/schema\/logo\/image\/\",\"url\":\"https:\/\/rd.chocolatecortes.com\/wp-content\/uploads\/2023\/10\/cortes-logo-header.svg\",\"contentUrl\":\"https:\/\/rd.chocolatecortes.com\/wp-content\/uploads\/2023\/10\/cortes-logo-header.svg\",\"caption\":\"Cort\u00e9s Hermanos RD\"},\"image\":{\"@id\":\"https:\/\/rd.chocolatecortes.com\/#\/schema\/logo\/image\/\"},\"sameAs\":[\"https:\/\/www.facebook.com\/CortesHnosRD\/\",\"https:\/\/www.instagram.com\/corteshnosrd\/\",\"https:\/\/www.youtube.com\/@CortesHermanosRD\/videos\",\"https:\/\/www.pinterest.com\/corteshnosrd\/\",\"https:\/\/www.tiktok.com\/@corteshnosrd\"]}]}<\/script>\n<!-- \/ Yoast SEO plugin. -->","yoast_head_json":{"title":"Chocolate Museum Tour, Factory Tour & Create Your Chocolate Bar","description":"The Cort\u00e9s Visitor Center highlights the values of tradition and knowledge about cocoa and chocolate, visit us for a multi-sensory chocolate experience.","robots":{"index":"index","follow":"follow","max-snippet":"max-snippet:-1","max-image-preview":"max-image-preview:large","max-video-preview":"max-video-preview:-1"},"canonical":"https:\/\/rd.chocolatecortes.com\/es\/product\/museum-tour-factory-tour-chocolate-bar\/","og_locale":"es_ES","og_type":"article","og_title":"Chocolate Museum Tour, Factory Tour & Create Your Chocolate Bar","og_description":"The Cort\u00e9s Visitor Center highlights the values of tradition and knowledge about cocoa and chocolate, visit us for a multi-sensory chocolate experience.","og_url":"https:\/\/rd.chocolatecortes.com\/es\/product\/museum-tour-factory-tour-chocolate-bar\/","og_site_name":"Cort\u00e9s RD","article_publisher":"https:\/\/www.facebook.com\/CortesHnosRD\/","article_modified_time":"2024-07-08T21:41:36+00:00","twitter_card":"summary_large_image","twitter_misc":{"Est. reading time":"1 minuto"},"schema":{"@context":"https:\/\/schema.org","@graph":[{"@type":"WebPage","@id":"https:\/\/rd.chocolatecortes.com\/product\/museum-tour-factory-tour-chocolate-bar\/","url":"https:\/\/rd.chocolatecortes.com\/product\/museum-tour-factory-tour-chocolate-bar\/","name":"Chocolate Museum Tour, Factory Tour & Create Your Chocolate Bar","isPartOf":{"@id":"https:\/\/rd.chocolatecortes.com\/#website"},"primaryImageOfPage":{"@id":"https:\/\/rd.chocolatecortes.com\/product\/museum-tour-factory-tour-chocolate-bar\/#primaryimage"},"image":{"@id":"https:\/\/rd.chocolatecortes.com\/product\/museum-tour-factory-tour-chocolate-bar\/#primaryimage"},"thumbnailUrl":"https:\/\/rd.chocolatecortes.com\/wp-content\/uploads\/2023\/11\/recorido-centro-visitantes.svg","datePublished":"2024-01-29T19:22:36+00:00","dateModified":"2024-07-08T21:41:36+00:00","description":"The Cort\u00e9s Visitor Center highlights the values of tradition and knowledge about cocoa and chocolate, visit us for a multi-sensory chocolate experience.","breadcrumb":{"@id":"https:\/\/rd.chocolatecortes.com\/product\/museum-tour-factory-tour-chocolate-bar\/#breadcrumb"},"inLanguage":"es-DO","potentialAction":[{"@type":"ReadAction","target":["https:\/\/rd.chocolatecortes.com\/product\/museum-tour-factory-tour-chocolate-bar\/"]}]},{"@type":"ImageObject","inLanguage":"es-DO","@id":"https:\/\/rd.chocolatecortes.com\/product\/museum-tour-factory-tour-chocolate-bar\/#primaryimage","url":"https:\/\/rd.chocolatecortes.com\/wp-content\/uploads\/2023\/11\/recorido-centro-visitantes.svg","contentUrl":"https:\/\/rd.chocolatecortes.com\/wp-content\/uploads\/2023\/11\/recorido-centro-visitantes.svg"},{"@type":"BreadcrumbList","@id":"https:\/\/rd.chocolatecortes.com\/product\/museum-tour-factory-tour-chocolate-bar\/#breadcrumb","itemListElement":[{"@type":"ListItem","position":1,"name":"Home","item":"https:\/\/rd.chocolatecortes.com\/"},{"@type":"ListItem","position":2,"name":"Shop","item":"https:\/\/rd.chocolatecortes.com\/shop\/"},{"@type":"ListItem","position":3,"name":"Museum Tour, Factory Tour &#038; Create Your Chocolate Bar Experience"}]},{"@type":"WebSite","@id":"https:\/\/rd.chocolatecortes.com\/#website","url":"https:\/\/rd.chocolatecortes.com\/","name":"Cort\u00e9s RD","description":"A multi-sensory experience you can&#039;t miss!","publisher":{"@id":"https:\/\/rd.chocolatecortes.com\/#organization"},"potentialAction":[{"@type":"SearchAction","target":{"@type":"EntryPoint","urlTemplate":"https:\/\/rd.chocolatecortes.com\/?s={search_term_string}"},"query-input":{"@type":"PropertyValueSpecification","valueRequired":true,"valueName":"search_term_string"}}],"inLanguage":"es-DO"},{"@type":"Organization","@id":"https:\/\/rd.chocolatecortes.com\/#organization","name":"Cort\u00e9s Hermanos RD","url":"https:\/\/rd.chocolatecortes.com\/","logo":{"@type":"ImageObject","inLanguage":"es-DO","@id":"https:\/\/rd.chocolatecortes.com\/#\/schema\/logo\/image\/","url":"https:\/\/rd.chocolatecortes.com\/wp-content\/uploads\/2023\/10\/cortes-logo-header.svg","contentUrl":"https:\/\/rd.chocolatecortes.com\/wp-content\/uploads\/2023\/10\/cortes-logo-header.svg","caption":"Cort\u00e9s Hermanos RD"},"image":{"@id":"https:\/\/rd.chocolatecortes.com\/#\/schema\/logo\/image\/"},"sameAs":["https:\/\/www.facebook.com\/CortesHnosRD\/","https:\/\/www.instagram.com\/corteshnosrd\/","https:\/\/www.youtube.com\/@CortesHermanosRD\/videos","https:\/\/www.pinterest.com\/corteshnosrd\/","https:\/\/www.tiktok.com\/@corteshnosrd"]}]}},"_links":{"self":[{"href":"https:\/\/rd.chocolatecortes.com\/es\/wp-json\/wp\/v2\/product\/434","targetHints":{"allow":["GET"]}}],"collection":[{"href":"https:\/\/rd.chocolatecortes.com\/es\/wp-json\/wp\/v2\/product"}],"about":[{"href":"https:\/\/rd.chocolatecortes.com\/es\/wp-json\/wp\/v2\/types\/product"}],"wp:featuredmedia":[{"embeddable":true,"href":"https:\/\/rd.chocolatecortes.com\/es\/wp-json\/wp\/v2\/media\/211"}],"wp:attachment":[{"href":"https:\/\/rd.chocolatecortes.com\/es\/wp-json\/wp\/v2\/media?parent=434"}],"wp:term":[{"taxonomy":"product_brand","embeddable":true,"href":"https:\/\/rd.chocolatecortes.com\/es\/wp-json\/wp\/v2\/product_brand?post=434"},{"taxonomy":"product_cat","embeddable":true,"href":"https:\/\/rd.chocolatecortes.com\/es\/wp-json\/wp\/v2\/product_cat?post=434"},{"taxonomy":"product_tag","embeddable":true,"href":"https:\/\/rd.chocolatecortes.com\/es\/wp-json\/wp\/v2\/product_tag?post=434"}],"curies":[{"name":"wp","href":"https:\/\/api.w.org\/{rel}","templated":true}]}}