{"id":93,"date":"2023-11-03T13:31:12","date_gmt":"2023-11-03T13:31:12","guid":{"rendered":"https:\/\/cortesrd.wpenginepowered.com\/?page_id=93"},"modified":"2025-03-28T00:18:46","modified_gmt":"2025-03-28T00:18:46","slug":"visiting-rules","status":"publish","type":"page","link":"https:\/\/rd.chocolatecortes.com\/es\/visiting-rules\/","title":{"rendered":"Reglas para Visitantes"},"content":{"rendered":"<div data-elementor-type=\"wp-page\" data-elementor-id=\"93\" class=\"elementor elementor-93\" data-elementor-post-type=\"page\">\n\t\t\t\t\t\t<section class=\"has_ma_el_bg_slider elementor-section elementor-top-section elementor-element elementor-element-0e62640 elementor-section-full_width elementor-hidden-mobile elementor-section-height-min-height elementor-section-height-default elementor-section-items-middle jltma-glass-effect-no\" data-particle_enable=\"false\" data-particle-mobile-disabled=\"false\" data-id=\"0e62640\" data-element_type=\"section\">\n\t\t\t\t\t\t<div class=\"elementor-container elementor-column-gap-no\">\n\t\t\t\t\t<div class=\"has_ma_el_bg_slider elementor-column elementor-col-50 elementor-top-column elementor-element elementor-element-719ac96 jltma-glass-effect-no\" data-id=\"719ac96\" data-element_type=\"column\">\n\t\t\t<div class=\"elementor-widget-wrap elementor-element-populated\">\n\t\t\t\t\t\t<div class=\"elementor-element elementor-element-8ef379e jltma-glass-effect-no elementor-widget elementor-widget-image\" data-id=\"8ef379e\" data-element_type=\"widget\" data-widget_type=\"image.default\">\n\t\t\t\t<div class=\"elementor-widget-container\">\n\t\t\t\t\t\t\t\t\t\t\t\t\t\t\t<img decoding=\"async\" src=\"https:\/\/rd.chocolatecortes.com\/wp-content\/uploads\/2023\/11\/contact-us-corner.svg\" title=\"contact-us-corner\" alt=\"contact-us-corner\" loading=\"lazy\" \/>\t\t\t\t\t\t\t\t\t\t\t\t\t\t\t<\/div>\n\t\t\t\t<\/div>\n\t\t\t\t\t<\/div>\n\t\t<\/div>\n\t\t\t\t<div class=\"has_ma_el_bg_slider elementor-column elementor-col-50 elementor-top-column elementor-element elementor-element-53e88d5 jltma-glass-effect-no\" data-id=\"53e88d5\" data-element_type=\"column\">\n\t\t\t<div class=\"elementor-widget-wrap elementor-element-populated\">\n\t\t\t\t\t\t<div class=\"elementor-element elementor-element-c824ea2 elementor-widget__width-initial jltma-glass-effect-no elementor-widget elementor-widget-heading\" data-id=\"c824ea2\" data-element_type=\"widget\" data-widget_type=\"heading.default\">\n\t\t\t\t<div class=\"elementor-widget-container\">\n\t\t\t\t\t<h1 class=\"elementor-heading-title elementor-size-default\">Reglas y Horarios Para Recorridos<\/h1>\t\t\t\t<\/div>\n\t\t\t\t<\/div>\n\t\t\t\t\t<\/div>\n\t\t<\/div>\n\t\t\t\t\t<\/div>\n\t\t<\/section>\n\t\t\t\t<section class=\"has_ma_el_bg_slider elementor-section elementor-top-section elementor-element elementor-element-06c44d3 elementor-section-height-min-height elementor-hidden-desktop elementor-hidden-tablet elementor-section-full_width elementor-section-items-bottom elementor-section-height-default jltma-glass-effect-no\" data-particle_enable=\"false\" data-particle-mobile-disabled=\"false\" data-id=\"06c44d3\" data-element_type=\"section\" data-settings=\"{&quot;background_background&quot;:&quot;classic&quot;}\">\n\t\t\t\t\t\t<div class=\"elementor-container elementor-column-gap-no\">\n\t\t\t\t\t<div class=\"has_ma_el_bg_slider elementor-column elementor-col-100 elementor-top-column elementor-element elementor-element-6319f79 jltma-glass-effect-no\" data-id=\"6319f79\" data-element_type=\"column\">\n\t\t\t<div class=\"elementor-widget-wrap elementor-element-populated\">\n\t\t\t\t\t\t<div class=\"elementor-element elementor-element-5c32967 elementor-hidden-desktop elementor-hidden-tablet elementor-widget-mobile__width-inherit jltma-glass-effect-no elementor-widget elementor-widget-heading\" data-id=\"5c32967\" data-element_type=\"widget\" data-widget_type=\"heading.default\">\n\t\t\t\t<div class=\"elementor-widget-container\">\n\t\t\t\t\t<h1 class=\"elementor-heading-title elementor-size-default\">Rules &amp; Information<\/br>\nfor Visitors<\/h1>\t\t\t\t<\/div>\n\t\t\t\t<\/div>\n\t\t\t\t\t<\/div>\n\t\t<\/div>\n\t\t\t\t\t<\/div>\n\t\t<\/section>\n\t\t<div data-particle_enable=\"false\" data-particle-mobile-disabled=\"false\" class=\"elementor-element elementor-element-8b18869 e-flex e-con-boxed e-con e-parent\" data-id=\"8b18869\" data-element_type=\"container\">\n\t\t\t\t\t<div class=\"e-con-inner\">\n\t\t\t\t<div class=\"elementor-element elementor-element-9abf151 jltma-glass-effect-no elementor-widget elementor-widget-template\" data-id=\"9abf151\" data-element_type=\"widget\" data-widget_type=\"template.default\">\n\t\t\t\t<div class=\"elementor-widget-container\">\n\t\t\t\t\t\t\t<div class=\"elementor-template\">\n\t\t\t\t\t<div data-elementor-type=\"container\" data-elementor-id=\"458\" class=\"elementor elementor-458\" data-elementor-post-type=\"elementor_library\">\n\t\t\t\t<div data-particle_enable=\"false\" data-particle-mobile-disabled=\"false\" class=\"elementor-element elementor-element-5ff738cc e-flex e-con-boxed e-con e-parent\" data-id=\"5ff738cc\" data-element_type=\"container\">\n\t\t\t\t\t<div class=\"e-con-inner\">\n\t\t<div data-particle_enable=\"false\" data-particle-mobile-disabled=\"false\" class=\"elementor-element elementor-element-c137e0 e-con-full e-flex elementor-invisible e-con e-child\" data-id=\"c137e0\" data-element_type=\"container\" data-settings=\"{&quot;animation&quot;:&quot;fadeInUp&quot;,&quot;animation_delay&quot;:300}\">\n\t\t\t\t<div class=\"elementor-element elementor-element-214e18ca jltma-glass-effect-no elementor-widget elementor-widget-image\" data-id=\"214e18ca\" data-element_type=\"widget\" data-widget_type=\"image.default\">\n\t\t\t\t<div class=\"elementor-widget-container\">\n\t\t\t\t\t\t\t\t\t\t\t\t\t\t\t<img decoding=\"async\" src=\"https:\/\/rd.chocolatecortes.com\/wp-content\/uploads\/2023\/11\/icon-recorrido.svg\" class=\"attachment-full size-full wp-image-95\" alt=\"\" \/>\t\t\t\t\t\t\t\t\t\t\t\t\t\t\t<\/div>\n\t\t\t\t<\/div>\n\t\t\t\t<div class=\"elementor-element elementor-element-bb6d0d0 jltma-glass-effect-no elementor-widget elementor-widget-heading\" data-id=\"bb6d0d0\" data-element_type=\"widget\" data-widget_type=\"heading.default\">\n\t\t\t\t<div class=\"elementor-widget-container\">\n\t\t\t\t\t<h3 class=\"elementor-heading-title elementor-size-default\">Museo y Experiencia de Barra <\/h3>\t\t\t\t<\/div>\n\t\t\t\t<\/div>\n\t\t\t\t<div class=\"elementor-element elementor-element-454d7c5 jltma-glass-effect-no elementor-widget elementor-widget-text-editor\" data-id=\"454d7c5\" data-element_type=\"widget\" data-widget_type=\"text-editor.default\">\n\t\t\t\t<div class=\"elementor-widget-container\">\n\t\t\t\t\t\t\t\t\t<p><strong>S\u00e1bados<br \/><\/strong>10:30 a.m. &#8211; 12:00 p.m.\u200b<\/p>\t\t\t\t\t\t\t\t<\/div>\n\t\t\t\t<\/div>\n\t\t\t\t<\/div>\n\t\t<div data-particle_enable=\"false\" data-particle-mobile-disabled=\"false\" class=\"elementor-element elementor-element-d50eeb9 e-con-full e-flex elementor-invisible e-con e-child\" data-id=\"d50eeb9\" data-element_type=\"container\" data-settings=\"{&quot;animation&quot;:&quot;fadeInUp&quot;,&quot;animation_delay&quot;:300}\">\n\t\t<div data-particle_enable=\"false\" data-particle-mobile-disabled=\"false\" class=\"elementor-element elementor-element-119b95c e-con-full e-flex elementor-invisible e-con e-child\" data-id=\"119b95c\" data-element_type=\"container\" data-settings=\"{&quot;background_background&quot;:&quot;classic&quot;,&quot;animation&quot;:&quot;fadeInUp&quot;,&quot;animation_delay&quot;:200}\">\n\t\t\t\t<div class=\"elementor-element elementor-element-12eb7b94 jltma-glass-effect-no elementor-widget elementor-widget-heading\" data-id=\"12eb7b94\" data-element_type=\"widget\" data-widget_type=\"heading.default\">\n\t\t\t\t<div class=\"elementor-widget-container\">\n\t\t\t\t\t<h2 class=\"elementor-heading-title elementor-size-default\">Visitantes deben reservar su visita con\nantelaci\u00f3n v\u00eda WhatsApp para verificar disponibilidad.<\/h2>\t\t\t\t<\/div>\n\t\t\t\t<\/div>\n\t\t\t\t<\/div>\n\t\t<div data-particle_enable=\"false\" data-particle-mobile-disabled=\"false\" class=\"elementor-element elementor-element-72a248d e-con-full e-flex e-con e-child\" data-id=\"72a248d\" data-element_type=\"container\">\n\t\t\t\t<div class=\"elementor-element elementor-element-f2a1659 jltma-glass-effect-no elementor-widget elementor-widget-heading\" data-id=\"f2a1659\" data-element_type=\"widget\" data-widget_type=\"heading.default\">\n\t\t\t\t<div class=\"elementor-widget-container\">\n\t\t\t\t\t<h2 class=\"elementor-heading-title elementor-size-default\">Asistencia con su reserva<\/h2>\t\t\t\t<\/div>\n\t\t\t\t<\/div>\n\t\t\t\t<div class=\"elementor-element elementor-element-706187e jltma-glass-effect-no elementor-widget elementor-widget-text-editor\" data-id=\"706187e\" data-element_type=\"widget\" data-widget_type=\"text-editor.default\">\n\t\t\t\t<div class=\"elementor-widget-container\">\n\t\t\t\t\t\t\t\t\t<p>Para reservar su recorrido cont\u00e1ctenos a trav\u00e9s de WhatsApp, ll\u00e1menos o escr\u00edbanos.<\/p>\t\t\t\t\t\t\t\t<\/div>\n\t\t\t\t<\/div>\n\t\t\t\t<div class=\"elementor-element elementor-element-68d985d elementor-icon-list--layout-traditional elementor-list-item-link-full_width jltma-glass-effect-no elementor-widget elementor-widget-icon-list\" data-id=\"68d985d\" data-element_type=\"widget\" data-widget_type=\"icon-list.default\">\n\t\t\t\t<div class=\"elementor-widget-container\">\n\t\t\t\t\t\t\t<ul class=\"elementor-icon-list-items\">\n\t\t\t\t\t\t\t<li class=\"elementor-icon-list-item\">\n\t\t\t\t\t\t\t\t\t\t\t<a href=\"https:\/\/wa.me\/809-604-6097\" target=\"_blank\">\n\n\t\t\t\t\t\t\t\t\t\t\t\t<span class=\"elementor-icon-list-icon\">\n\t\t\t\t\t\t\t<i aria-hidden=\"true\" class=\"im im-whatsapp\"><\/i>\t\t\t\t\t\t<\/span>\n\t\t\t\t\t\t\t\t\t\t<span class=\"elementor-icon-list-text\">809-604-6097<\/span>\n\t\t\t\t\t\t\t\t\t\t\t<\/a>\n\t\t\t\t\t\t\t\t\t<\/li>\n\t\t\t\t\t\t\t\t<li class=\"elementor-icon-list-item\">\n\t\t\t\t\t\t\t\t\t\t\t<a href=\"tel:829-893-4381\" target=\"_blank\">\n\n\t\t\t\t\t\t\t\t\t\t\t\t<span class=\"elementor-icon-list-icon\">\n\t\t\t\t\t\t\t<i aria-hidden=\"true\" class=\"simple-line-icons icon-earphones-alt\"><\/i>\t\t\t\t\t\t<\/span>\n\t\t\t\t\t\t\t\t\t\t<span class=\"elementor-icon-list-text\">829-893-4381<\/span>\n\t\t\t\t\t\t\t\t\t\t\t<\/a>\n\t\t\t\t\t\t\t\t\t<\/li>\n\t\t\t\t\t\t\t\t<li class=\"elementor-icon-list-item\">\n\t\t\t\t\t\t\t\t\t\t\t<a href=\"mailto:centrocortes@corteshermanos.com\" target=\"_blank\">\n\n\t\t\t\t\t\t\t\t\t\t\t\t<span class=\"elementor-icon-list-icon\">\n\t\t\t\t\t\t\t<i aria-hidden=\"true\" class=\"jltma-material-icon jltma-material-icon-alternate_email\"><\/i>\t\t\t\t\t\t<\/span>\n\t\t\t\t\t\t\t\t\t\t<span class=\"elementor-icon-list-text\">centrocortes@corteshermanos.com<\/span>\n\t\t\t\t\t\t\t\t\t\t\t<\/a>\n\t\t\t\t\t\t\t\t\t<\/li>\n\t\t\t\t\t\t<\/ul>\n\t\t\t\t\t\t<\/div>\n\t\t\t\t<\/div>\n\t\t\t\t<\/div>\n\t\t\t\t<\/div>\n\t\t\t\t\t<\/div>\n\t\t\t\t<\/div>\n\t\t\t\t<\/div>\n\t\t\t\t<\/div>\n\t\t\t\t\t\t<\/div>\n\t\t\t\t<\/div>\n\t\t\t\t\t<\/div>\n\t\t\t\t<\/div>\n\t\t\t\t<\/div>","protected":false},"excerpt":{"rendered":"<p>Check out our tour rules and schedules Rules &amp; Information for Visitors<\/p>","protected":false},"author":2,"featured_media":0,"parent":0,"menu_order":0,"comment_status":"closed","ping_status":"closed","template":"elementor_header_footer","meta":{"footnotes":""},"class_list":["post-93","page","type-page","status-publish","hentry"],"yoast_head":"<!-- This site is optimized with the Yoast SEO plugin v24.7 - https:\/\/yoast.com\/wordpress\/plugins\/seo\/ -->\n<title>Visiting Rules - Cort\u00e9s RD<\/title>\n<meta name=\"description\" content=\"A multi-sensory experience you can&#039;t miss! We have Guided Tours, a Chocolate Lounge Restaurant, &amp; Chocolate Experiences for everyone to enjoy.\" \/>\n<meta name=\"robots\" content=\"noindex, nofollow\" \/>\n<meta property=\"og:locale\" content=\"es_ES\" \/>\n<meta property=\"og:type\" content=\"article\" \/>\n<meta property=\"og:title\" content=\"Cort\u00e9s RD\" \/>\n<meta property=\"og:description\" content=\"A multi-sensory experience you can&#039;t miss! We have Guided Tours, a Chocolate Lounge Restaurant, &amp; Chocolate Experiences for everyone to enjoy.\" \/>\n<meta property=\"og:url\" content=\"https:\/\/rd.chocolatecortes.com\/es\/visiting-rules\/\" \/>\n<meta property=\"og:site_name\" content=\"Cort\u00e9s RD\" \/>\n<meta property=\"article:publisher\" content=\"https:\/\/www.facebook.com\/CortesHnosRD\/\" \/>\n<meta property=\"article:modified_time\" content=\"2025-03-28T00:18:46+00:00\" \/>\n<meta property=\"og:image\" content=\"https:\/\/rd.chocolatecortes.com\/wp-content\/uploads\/2024\/02\/Cortes-RD-Icon.png\" \/>\n\t<meta property=\"og:image:width\" content=\"542\" \/>\n\t<meta property=\"og:image:height\" content=\"542\" \/>\n\t<meta property=\"og:image:type\" content=\"image\/png\" \/>\n<meta name=\"twitter:card\" content=\"summary_large_image\" \/>\n<meta name=\"twitter:label1\" content=\"Est. reading time\" \/>\n\t<meta name=\"twitter:data1\" content=\"5 minutos\" \/>\n<script type=\"application\/ld+json\" class=\"yoast-schema-graph\">{\"@context\":\"https:\/\/schema.org\",\"@graph\":[{\"@type\":\"WebPage\",\"@id\":\"https:\/\/rd.chocolatecortes.com\/visiting-rules\/\",\"url\":\"https:\/\/rd.chocolatecortes.com\/visiting-rules\/\",\"name\":\"Visiting Rules - Cort\u00e9s RD\",\"isPartOf\":{\"@id\":\"https:\/\/rd.chocolatecortes.com\/#website\"},\"primaryImageOfPage\":{\"@id\":\"https:\/\/rd.chocolatecortes.com\/visiting-rules\/#primaryimage\"},\"image\":{\"@id\":\"https:\/\/rd.chocolatecortes.com\/visiting-rules\/#primaryimage\"},\"thumbnailUrl\":\"https:\/\/rd.chocolatecortes.com\/wp-content\/uploads\/2023\/11\/contact-us-corner.svg\",\"datePublished\":\"2023-11-03T13:31:12+00:00\",\"dateModified\":\"2025-03-28T00:18:46+00:00\",\"description\":\"A multi-sensory experience you can't miss! We have Guided Tours, a Chocolate Lounge Restaurant, & Chocolate Experiences for everyone to enjoy.\",\"breadcrumb\":{\"@id\":\"https:\/\/rd.chocolatecortes.com\/visiting-rules\/#breadcrumb\"},\"inLanguage\":\"es-DO\",\"potentialAction\":[{\"@type\":\"ReadAction\",\"target\":[\"https:\/\/rd.chocolatecortes.com\/visiting-rules\/\"]}]},{\"@type\":\"ImageObject\",\"inLanguage\":\"es-DO\",\"@id\":\"https:\/\/rd.chocolatecortes.com\/visiting-rules\/#primaryimage\",\"url\":\"https:\/\/rd.chocolatecortes.com\/wp-content\/uploads\/2023\/11\/contact-us-corner.svg\",\"contentUrl\":\"https:\/\/rd.chocolatecortes.com\/wp-content\/uploads\/2023\/11\/contact-us-corner.svg\"},{\"@type\":\"BreadcrumbList\",\"@id\":\"https:\/\/rd.chocolatecortes.com\/visiting-rules\/#breadcrumb\",\"itemListElement\":[{\"@type\":\"ListItem\",\"position\":1,\"name\":\"Home\",\"item\":\"https:\/\/rd.chocolatecortes.com\/\"},{\"@type\":\"ListItem\",\"position\":2,\"name\":\"Visiting Rules\"}]},{\"@type\":\"WebSite\",\"@id\":\"https:\/\/rd.chocolatecortes.com\/#website\",\"url\":\"https:\/\/rd.chocolatecortes.com\/\",\"name\":\"Cort\u00e9s RD\",\"description\":\"A multi-sensory experience you can&#039;t miss!\",\"publisher\":{\"@id\":\"https:\/\/rd.chocolatecortes.com\/#organization\"},\"potentialAction\":[{\"@type\":\"SearchAction\",\"target\":{\"@type\":\"EntryPoint\",\"urlTemplate\":\"https:\/\/rd.chocolatecortes.com\/?s={search_term_string}\"},\"query-input\":{\"@type\":\"PropertyValueSpecification\",\"valueRequired\":true,\"valueName\":\"search_term_string\"}}],\"inLanguage\":\"es-DO\"},{\"@type\":\"Organization\",\"@id\":\"https:\/\/rd.chocolatecortes.com\/#organization\",\"name\":\"Cort\u00e9s Hermanos RD\",\"url\":\"https:\/\/rd.chocolatecortes.com\/\",\"logo\":{\"@type\":\"ImageObject\",\"inLanguage\":\"es-DO\",\"@id\":\"https:\/\/rd.chocolatecortes.com\/#\/schema\/logo\/image\/\",\"url\":\"https:\/\/rd.chocolatecortes.com\/wp-content\/uploads\/2023\/10\/cortes-logo-header.svg\",\"contentUrl\":\"https:\/\/rd.chocolatecortes.com\/wp-content\/uploads\/2023\/10\/cortes-logo-header.svg\",\"caption\":\"Cort\u00e9s Hermanos RD\"},\"image\":{\"@id\":\"https:\/\/rd.chocolatecortes.com\/#\/schema\/logo\/image\/\"},\"sameAs\":[\"https:\/\/www.facebook.com\/CortesHnosRD\/\",\"https:\/\/www.instagram.com\/corteshnosrd\/\",\"https:\/\/www.youtube.com\/@CortesHermanosRD\/videos\",\"https:\/\/www.pinterest.com\/corteshnosrd\/\",\"https:\/\/www.tiktok.com\/@corteshnosrd\"]}]}<\/script>\n<!-- \/ Yoast SEO plugin. -->","yoast_head_json":{"title":"Visiting Rules - Cort\u00e9s RD","description":"A multi-sensory experience you can't miss! We have Guided Tours, a Chocolate Lounge Restaurant, & Chocolate Experiences for everyone to enjoy.","robots":{"index":"noindex","follow":"nofollow"},"og_locale":"es_ES","og_type":"article","og_title":"Cort\u00e9s RD","og_description":"A multi-sensory experience you can't miss! We have Guided Tours, a Chocolate Lounge Restaurant, & Chocolate Experiences for everyone to enjoy.","og_url":"https:\/\/rd.chocolatecortes.com\/es\/visiting-rules\/","og_site_name":"Cort\u00e9s RD","article_publisher":"https:\/\/www.facebook.com\/CortesHnosRD\/","article_modified_time":"2025-03-28T00:18:46+00:00","og_image":[{"width":542,"height":542,"url":"https:\/\/rd.chocolatecortes.com\/wp-content\/uploads\/2024\/02\/Cortes-RD-Icon.png","type":"image\/png"}],"twitter_card":"summary_large_image","twitter_misc":{"Est. reading time":"5 minutos"},"schema":{"@context":"https:\/\/schema.org","@graph":[{"@type":"WebPage","@id":"https:\/\/rd.chocolatecortes.com\/visiting-rules\/","url":"https:\/\/rd.chocolatecortes.com\/visiting-rules\/","name":"Visiting Rules - Cort\u00e9s RD","isPartOf":{"@id":"https:\/\/rd.chocolatecortes.com\/#website"},"primaryImageOfPage":{"@id":"https:\/\/rd.chocolatecortes.com\/visiting-rules\/#primaryimage"},"image":{"@id":"https:\/\/rd.chocolatecortes.com\/visiting-rules\/#primaryimage"},"thumbnailUrl":"https:\/\/rd.chocolatecortes.com\/wp-content\/uploads\/2023\/11\/contact-us-corner.svg","datePublished":"2023-11-03T13:31:12+00:00","dateModified":"2025-03-28T00:18:46+00:00","description":"A multi-sensory experience you can't miss! We have Guided Tours, a Chocolate Lounge Restaurant, & Chocolate Experiences for everyone to enjoy.","breadcrumb":{"@id":"https:\/\/rd.chocolatecortes.com\/visiting-rules\/#breadcrumb"},"inLanguage":"es-DO","potentialAction":[{"@type":"ReadAction","target":["https:\/\/rd.chocolatecortes.com\/visiting-rules\/"]}]},{"@type":"ImageObject","inLanguage":"es-DO","@id":"https:\/\/rd.chocolatecortes.com\/visiting-rules\/#primaryimage","url":"https:\/\/rd.chocolatecortes.com\/wp-content\/uploads\/2023\/11\/contact-us-corner.svg","contentUrl":"https:\/\/rd.chocolatecortes.com\/wp-content\/uploads\/2023\/11\/contact-us-corner.svg"},{"@type":"BreadcrumbList","@id":"https:\/\/rd.chocolatecortes.com\/visiting-rules\/#breadcrumb","itemListElement":[{"@type":"ListItem","position":1,"name":"Home","item":"https:\/\/rd.chocolatecortes.com\/"},{"@type":"ListItem","position":2,"name":"Visiting Rules"}]},{"@type":"WebSite","@id":"https:\/\/rd.chocolatecortes.com\/#website","url":"https:\/\/rd.chocolatecortes.com\/","name":"Cort\u00e9s RD","description":"A multi-sensory experience you can&#039;t miss!","publisher":{"@id":"https:\/\/rd.chocolatecortes.com\/#organization"},"potentialAction":[{"@type":"SearchAction","target":{"@type":"EntryPoint","urlTemplate":"https:\/\/rd.chocolatecortes.com\/?s={search_term_string}"},"query-input":{"@type":"PropertyValueSpecification","valueRequired":true,"valueName":"search_term_string"}}],"inLanguage":"es-DO"},{"@type":"Organization","@id":"https:\/\/rd.chocolatecortes.com\/#organization","name":"Cort\u00e9s Hermanos RD","url":"https:\/\/rd.chocolatecortes.com\/","logo":{"@type":"ImageObject","inLanguage":"es-DO","@id":"https:\/\/rd.chocolatecortes.com\/#\/schema\/logo\/image\/","url":"https:\/\/rd.chocolatecortes.com\/wp-content\/uploads\/2023\/10\/cortes-logo-header.svg","contentUrl":"https:\/\/rd.chocolatecortes.com\/wp-content\/uploads\/2023\/10\/cortes-logo-header.svg","caption":"Cort\u00e9s Hermanos RD"},"image":{"@id":"https:\/\/rd.chocolatecortes.com\/#\/schema\/logo\/image\/"},"sameAs":["https:\/\/www.facebook.com\/CortesHnosRD\/","https:\/\/www.instagram.com\/corteshnosrd\/","https:\/\/www.youtube.com\/@CortesHermanosRD\/videos","https:\/\/www.pinterest.com\/corteshnosrd\/","https:\/\/www.tiktok.com\/@corteshnosrd"]}]}},"_links":{"self":[{"href":"https:\/\/rd.chocolatecortes.com\/es\/wp-json\/wp\/v2\/pages\/93","targetHints":{"allow":["GET"]}}],"collection":[{"href":"https:\/\/rd.chocolatecortes.com\/es\/wp-json\/wp\/v2\/pages"}],"about":[{"href":"https:\/\/rd.chocolatecortes.com\/es\/wp-json\/wp\/v2\/types\/page"}],"author":[{"embeddable":true,"href":"https:\/\/rd.chocolatecortes.com\/es\/wp-json\/wp\/v2\/users\/2"}],"replies":[{"embeddable":true,"href":"https:\/\/rd.chocolatecortes.com\/es\/wp-json\/wp\/v2\/comments?post=93"}],"version-history":[{"count":0,"href":"https:\/\/rd.chocolatecortes.com\/es\/wp-json\/wp\/v2\/pages\/93\/revisions"}],"wp:attachment":[{"href":"https:\/\/rd.chocolatecortes.com\/es\/wp-json\/wp\/v2\/media?parent=93"}],"curies":[{"name":"wp","href":"https:\/\/api.w.org\/{rel}","templated":true}]}}